{"id":867,"date":"2026-03-25T13:44:36","date_gmt":"2026-03-25T12:44:36","guid":{"rendered":"https:\/\/www.phuket-monster-fishing-park.com\/?page_id=867"},"modified":"2026-03-25T14:00:14","modified_gmt":"2026-03-25T13:00:14","slug":"conditions-generales","status":"publish","type":"page","link":"https:\/\/www.phuket-monster-fishing-park.com\/fr\/conditions-generales\/","title":{"rendered":"Conditions g\u00e9n\u00e9rales"},"content":{"rendered":"\n<h3 class=\"wp-block-heading has-vivid-red-color has-text-color has-link-color wp-elements-e4d8df6f9ed3f13aa4664c78eca4b8da\">1. Application<\/h3>\n\n\n\n<p style=\"font-size:16px\">1.1 Veuillez lire attentivement les pr\u00e9sentes Conditions g\u00e9n\u00e9rales de r\u00e9servation. Votre r\u00e9servation est effectu\u00e9e aupr\u00e8s Phuket monster fishing park. Co Ltd, soci\u00e9t\u00e9 immatricul\u00e9e en Tha\u00eflande (ci-apr\u00e8s d\u00e9nomm\u00e9e \u00ab la Soci\u00e9t\u00e9 \u00bb). Ces conditions s&rsquo;appliquent \u00e0 toute r\u00e9servation relative \u00e0 la prestation de services (en l&rsquo;occurrence la location d&rsquo;espace de p\u00eache et le mat\u00e9riel, ainsi que la restauration) effectu\u00e9e par la Soci\u00e9t\u00e9 ou pour son compte, ou par l&rsquo;une de ses filiales, soci\u00e9t\u00e9s associ\u00e9es ou agences, quel que soit le lieu de la r\u00e9servation.<\/p>\n\n\n\n<p style=\"font-size:16px\">1.2 Nous pouvons modifier les pr\u00e9sentes Conditions g\u00e9n\u00e9rales de r\u00e9servation de temps \u00e0 autre en mettant \u00e0 jour cette page. Les conditions g\u00e9n\u00e9rales modifi\u00e9es entreront en vigueur d\u00e8s leur publication.<\/p>\n\n\n\n<p style=\"font-size:16px\">1.3 Lorsqu&rsquo;une r\u00e9servation est effectu\u00e9e pour plusieurs personnes, il est convenu que le titulaire principal a le pouvoir d&rsquo;accepter et accepte effectivement les Conditions g\u00e9n\u00e9rales de r\u00e9servation en son nom propre et au nom des autres personnes. Dans les pr\u00e9sentes Conditions g\u00e9n\u00e9rales de r\u00e9servation, les termes \u00ab vous \u00bb et \u00ab votre \u00bb d\u00e9signent donc \u00e0 la fois vous-m\u00eame et les personnes pour lesquelles vous avez effectu\u00e9 la r\u00e9servation.<\/p>\n\n\n\n<h3 class=\"wp-block-heading has-vivid-red-color has-text-color has-link-color wp-elements-b9b65fa5e42bdd214732b0af5944ffe8\">2. Paiement<\/h3>\n\n\n\n<p style=\"font-size:16px\">2.1 Pour que nous puissions confirmer votre r\u00e9servation, vous devez verser un acompte minimum de 30 % par personne (l\u2019acompte ou les acomptes).<\/p>\n\n\n\n<p style=\"font-size:16px\">2.2 Le paiement de la prestation (en l&rsquo;occurrence la location d&rsquo;espace de p\u00eache et le mat\u00e9riel, ainsi que la restauration) s&rsquo;effectue \u00e0 la fin de la prestation en num\u00e9raire ou en carte bancaire.<\/p>\n\n\n\n<h3 class=\"wp-block-heading has-vivid-red-color has-text-color has-link-color wp-elements-7e87c9e74e668575fe26b1162a66dafc\">3. Si vous annulez votre r\u00e9servation<\/h3>\n\n\n\n<p style=\"font-size:16px\">3.1 Si, apr\u00e8s l&rsquo;\u00e9mission de la confirmation de r\u00e9servation, vous souhaitez modifier votre s\u00e9jour (dates d&rsquo;arriv\u00e9e, de d\u00e9part, par exemple), nous ferons notre possible pour effectuer ces modifications gratuitement, mais cela ne sera pas toujours possible. Toute demande de modification doit provenir du titulaire de la r\u00e9servation. Des frais administratifs par personne, ainsi que tous les frais suppl\u00e9mentaires occasionn\u00e9s par cette modification, pourront vous \u00eatre factur\u00e9s. Veuillez noter que ces frais peuvent augmenter \u00e0 mesure que la date d&rsquo;arriv\u00e9e approche&nbsp;; nous vous conseillons donc de nous contacter au plus vite<\/p>\n\n\n\n<h3 class=\"wp-block-heading has-vivid-red-color has-text-color has-link-color wp-elements-1a64168ee1e719eca81e5e72863cd5a2\">4. Annulation de votre r\u00e9servation<\/h3>\n\n\n\n<p style=\"font-size:16px\">4.1 Toute annulation entraine un remboursement totale du prix de la prestation. Cette annulation est possible \u00e0 moins de dix (10) jours calendaires avant la date pr\u00e9vue de r\u00e9servation<\/p>\n\n\n\n<p style=\"font-size:16px\"><strong>4.2 Toute annulation effectu\u00e9e par le client moins de dix (10) jours calendaires avant la date pr\u00e9vue de la prestation ne donnera lieu \u00e0 aucun remboursement, quel qu\u2019en soit le motif.<\/strong><\/p>\n\n\n\n<h3 class=\"wp-block-heading has-vivid-red-color has-text-color has-link-color wp-elements-a4ecbb66486079e4a9b8a44c3a7e1a55\">5. Non-responsabilit\u00e9 en cas de vol ou de perte<\/h3>\n\n\n\n<p style=\"font-size:16px\">5.1 Le Client est seul responsable de la surveillance de ses effets personnels pendant toute la dur\u00e9e de sa pr\u00e9sence sur le site. L\u2019Exploitant d\u00e9cline toute responsabilit\u00e9 en cas de perte, vol ou d\u00e9gradation des biens appartenant au Client, survenant sur le site du lac ou \u00e0 ses abords.<\/p>\n\n\n\n<h3 class=\"wp-block-heading has-vivid-red-color has-text-color has-link-color wp-elements-6936b85a044aca48c94b569c2630def3\">6. Si nous modifions ou annulons votre r\u00e9servation<\/h3>\n\n\n\n<p style=\"font-size:16px\">6.1 Il est peu probable que nous devions apporter des modifications \u00e0 votre r\u00e9servation apr\u00e8s la confirmation de celle-ci, mais nous planifions les prestations plusieurs mois \u00e0 l&rsquo;avance. Il peut arriver que nous devions effectuer des modifications, et nous nous r\u00e9servons le droit de le faire \u00e0 tout moment. La plupart de ces modifications seront mineures et nous vous en informerons d\u00e8s que possible<\/p>\n\n\n\n<p style=\"font-size:16px\">6.2 Toutefois, compte tenu de la situation g\u00e9ographique du complexe, celui-ci peut \u00eatre expos\u00e9 \u00e0 des conditions m\u00e9t\u00e9orologiques extr\u00eames telles que des d\u00e9pressions tropicales, des crues soudaines, etc. Il existe \u00e9galement un risque d&rsquo;instabilit\u00e9 politique et\/ou sociale susceptible d&rsquo;affecter votre s\u00e9curit\u00e9 sur place. En raison de leur impr\u00e9visibilit\u00e9, ces \u00e9v\u00e9nements, ainsi que d&rsquo;autres similaires, constituent des cas de force majeure et nous ne serons pas responsables des modifications apport\u00e9es \u00e0 votre r\u00e9servation, avant ou apr\u00e8s votre d\u00e9part, que nous jugerons n\u00e9cessaires pour garantir votre s\u00e9curit\u00e9. Dans ce cas, nous vous proposerons des solutions alternatives adapt\u00e9es ou, si la r\u00e9servation doit \u00eatre annul\u00e9e dans ces circonstances, nous pourrons cr\u00e9diter les sommes vers\u00e9es sur une r\u00e9servation ult\u00e9rieure. Aucune indemnisation ne sera vers\u00e9e.<\/p>\n\n\n\n<h3 class=\"wp-block-heading has-vivid-red-color has-text-color has-link-color wp-elements-63503f839e49e9db11b804264ca95809\">7. Si vous avez une r\u00e9clamation<\/h3>\n\n\n\n<p style=\"font-size:16px\">7.1 Nous mettrons tout en \u0153uvre pour vous fournir les Services, mais dans le cas peu probable o\u00f9 vous rencontreriez un probl\u00e8me, vous devez en informer imm\u00e9diatement un repr\u00e9sentant de la Soci\u00e9t\u00e9 pendant votre s\u00e9jour. Cela nous permettra d&rsquo;identifier rapidement votre probl\u00e8me et d&rsquo;y r\u00e9pondre plus rapidement. Si vous ne suivez pas cette simple demande, nous ne pourrons pas enqu\u00eater sur votre r\u00e9clamation et la r\u00e9soudre pendant votre s\u00e9jour, ce qui pourrait affecter vos droits en vertu du pr\u00e9sent contrat.<\/p>\n\n\n\n<h3 class=\"wp-block-heading has-vivid-red-color has-text-color has-link-color wp-elements-777e64ad2de2383482f9d7f5eebc164e\">8. Limitation de responsabilit\u00e9<\/h3>\n\n\n\n<p style=\"font-size:16px\">8.1 Vous serez seul responsable de votre s\u00e9curit\u00e9 g\u00e9n\u00e9rale et de la s\u00e9curit\u00e9 g\u00e9n\u00e9rale de tous les enfants qui vous accompagnent, y compris en ce qui concerne la s\u00e9curit\u00e9 des bagages et des effets personnels, \u00e0 tout moment.<\/p>\n\n\n\n<p style=\"font-size:16px\">8.2 La Soci\u00e9t\u00e9, ses filiales et soci\u00e9t\u00e9s affili\u00e9es d\u00e9clinent toute responsabilit\u00e9 (de quelque nature que ce soit) en cas de perte ou de dommage, de quelque nature que ce soit, affectant vos bagages, effets personnels ou autres biens vous appartenant, ou en cas de blessure, maladie, d\u00e9c\u00e8s ou dommages indirects vous concernant, quelle qu&rsquo;en soit la cause. Vous assumez l&rsquo;int\u00e9gralit\u00e9 des risques (de quelque nature que ce soit) li\u00e9s \u00e0 la fourniture des Services.<\/p>\n\n\n\n<p style=\"font-size:16px\">8.4 Il est entendu que les activit\u00e9s propos\u00e9es au sein \u00ab\u00a0du complexe\u00a0\u00bb comportent, de par leur nature m\u00eame, un risque. Vous acceptez les Services \u00e0 vos propres risques et vous engagez \u00e0 signer une d\u00e9charge de responsabilit\u00e9 \u00e0 votre arriv\u00e9e \u00ab\u00a0au complexe\u00a0\u00bb. Cette d\u00e9charge doit \u00eatre lue conjointement avec les pr\u00e9sentes Conditions g\u00e9n\u00e9rales de r\u00e9servation.<\/p>\n\n\n\n<h3 class=\"wp-block-heading has-vivid-red-color has-text-color has-link-color wp-elements-5602240c2ea7951785d9bff89be8d1f4\">9. Obligations du Client \u2013 Comportement et environnement<\/h3>\n\n\n\n<p style=\"font-size:16px\">9.1 \u201cLe Client s\u2019engage \u00e0 adopter en toutes circonstances un comportement respectueux de l\u2019environnement, des installations et des autres usagers du site. Il veille notamment \u00e0 maintenir la propret\u00e9 des lieux, \u00e0 ne laisser aucun d\u00e9chet, \u00e0 pr\u00e9server la faune et la flore, et \u00e0 respecter les r\u00e8gles sp\u00e9cifiques li\u00e9es \u00e0 la pratique de la p\u00eache sportive (notamment le respect du poisson et des consignes de remise \u00e0 l\u2019eau le cas \u00e9ch\u00e9ant). Tout manquement \u00e0 ces obligations pourra entra\u00eener l\u2019exclusion du site sans remboursement.\u201d<\/p>\n\n\n\n<p style=\"font-size:16px\">9.2 Vous vous engagez \u00e0 respecter toutes les lois tha\u00eflandaises relatives \u00e0 la possession et \u00e0 l&rsquo;usage de substances illicites, d&rsquo;armes \u00e0 feu et de toute marchandise de contrebande. La direction de l&rsquo;entreprise signalera aux autorit\u00e9s toute pr\u00e9sence de tels objets.<\/p>\n\n\n\n<h3 class=\"wp-block-heading has-vivid-red-color has-text-color has-link-color wp-elements-39edae00091efb38dc8fb99189bb90ae\">10. Droit applicable et juridiction<\/h3>\n\n\n\n<p style=\"font-size:16px\">10.1 Les pr\u00e9sentes conditions g\u00e9n\u00e9rales de r\u00e9servation et votre relation juridique avec la Soci\u00e9t\u00e9, ses filiales et ses associ\u00e9s sont r\u00e9gies et interpr\u00e9t\u00e9es conform\u00e9ment aux lois de la Tha\u00eflande.<\/p>\n\n\n\n<p style=\"font-size:16px\">10.2 En cas de litige, de controverse ou de r\u00e9clamation (de quelque nature que ce soit) (\u00ab litige \u00bb) entre vous et la Soci\u00e9t\u00e9, ses affili\u00e9s ou associ\u00e9s, concernant les droits et obligations en vertu des pr\u00e9sentes Conditions g\u00e9n\u00e9rales de r\u00e9servation, ou concernant toute autre question d\u00e9coulant des pr\u00e9sentes Conditions g\u00e9n\u00e9rales de r\u00e9servation ou s&rsquo;y rapportant de quelque mani\u00e8re que ce soit, ou concernant la fourniture des Services, y compris (mais sans s&rsquo;y limiter) toute question relative \u00e0 l&rsquo;existence, \u00e0 la validit\u00e9 ou \u00e0 la r\u00e9siliation des pr\u00e9sentes Conditions g\u00e9n\u00e9rales de r\u00e9servation, ce litige est soumis \u00e0 la comp\u00e9tence exclusive des tribunaux de Tha\u00eflande.<\/p>\n\n\n\n<h3 class=\"wp-block-heading has-vivid-red-color has-text-color has-link-color wp-elements-cac4583036bacd12f1f46b05e67188aa\">11. Modifications \/ Amendements<\/h3>\n\n\n\n<p style=\"font-size:16px\">11.1 Les modifications ou amendements aux pr\u00e9sentes conditions g\u00e9n\u00e9rales de r\u00e9servation restent \u00e0 la seule discr\u00e9tion de la soci\u00e9t\u00e9 exploitante (Phuket monster fishing park. Co Ltd) \u00e0 tout moment, sauf indication contraire expresse et \u00e9crite entre les parties avant toute r\u00e9servation effectu\u00e9e.<\/p>\n","protected":false},"excerpt":{"rendered":"<p>1. Application 1.1 Veuillez lire attentivement les pr\u00e9sentes Conditions g\u00e9n\u00e9rales de r\u00e9servation. Votre r\u00e9servation est effectu\u00e9e aupr\u00e8s Phuket monster fishing park. Co Ltd, soci\u00e9t\u00e9 immatricul\u00e9e en Tha\u00eflande (ci-apr\u00e8s d\u00e9nomm\u00e9e \u00ab la Soci\u00e9t\u00e9 \u00bb). Ces conditions s&rsquo;appliquent \u00e0 toute r\u00e9servation relative&hellip;<\/p>\n","protected":false},"author":1,"featured_media":0,"parent":0,"menu_order":0,"comment_status":"closed","ping_status":"closed","template":"","meta":{"_exactmetrics_skip_tracking":false,"_exactmetrics_sitenote_active":false,"_exactmetrics_sitenote_note":"","_exactmetrics_sitenote_category":0,"_joinchat":[],"footnotes":""},"class_list":["post-867","page","type-page","status-publish","hentry","entry","no-media"],"_links":{"self":[{"href":"https:\/\/www.phuket-monster-fishing-park.com\/fr\/wp-json\/wp\/v2\/pages\/867"}],"collection":[{"href":"https:\/\/www.phuket-monster-fishing-park.com\/fr\/wp-json\/wp\/v2\/pages"}],"about":[{"href":"https:\/\/www.phuket-monster-fishing-park.com\/fr\/wp-json\/wp\/v2\/types\/page"}],"author":[{"embeddable":true,"href":"https:\/\/www.phuket-monster-fishing-park.com\/fr\/wp-json\/wp\/v2\/users\/1"}],"replies":[{"embeddable":true,"href":"https:\/\/www.phuket-monster-fishing-park.com\/fr\/wp-json\/wp\/v2\/comments?post=867"}],"version-history":[{"count":3,"href":"https:\/\/www.phuket-monster-fishing-park.com\/fr\/wp-json\/wp\/v2\/pages\/867\/revisions"}],"predecessor-version":[{"id":875,"href":"https:\/\/www.phuket-monster-fishing-park.com\/fr\/wp-json\/wp\/v2\/pages\/867\/revisions\/875"}],"wp:attachment":[{"href":"https:\/\/www.phuket-monster-fishing-park.com\/fr\/wp-json\/wp\/v2\/media?parent=867"}],"curies":[{"name":"wp","href":"https:\/\/api.w.org\/{rel}","templated":true}]}}