{"id":858,"date":"2026-03-25T12:45:07","date_gmt":"2026-03-25T11:45:07","guid":{"rendered":"https:\/\/www.phuket-monster-fishing-park.com\/?page_id=858"},"modified":"2026-03-25T13:46:57","modified_gmt":"2026-03-25T12:46:57","slug":"mentions-legales","status":"publish","type":"page","link":"https:\/\/www.phuket-monster-fishing-park.com\/fr\/mentions-legales\/","title":{"rendered":"Mentions l\u00e9gales"},"content":{"rendered":"\n<h3 class=\"wp-block-heading has-vivid-red-color has-text-color has-link-color wp-elements-bff838f5e7b225cdcf020ac5ca5abdfb\">\u00c9diteur<\/h3>\n\n\n\n<p style=\"font-size:16px\">Phuket-monster-fishing-park.com est un service de communication en ligne pour le public \u00e9dit\u00e9 par Phuket-monster-fishing-park. Co., LTD.<br>Il est h\u00e9berg\u00e9 par :<\/p>\n\n\n\n<p style=\"font-size:16px\">O2switch<br>Chem. des Pardiaux, 63000 Clermont-Ferrand, France.<br>Tel : 04 44 44 60 40<br>Email: support@o2switch.fr<\/p>\n\n\n\n<h3 class=\"wp-block-heading has-vivid-red-color has-text-color has-link-color wp-elements-374b1c4e90e6a965773683bfaf34fc1e\">Nom de la soci\u00e9t\u00e9 et si\u00e8ge social<\/h3>\n\n\n\n<p style=\"font-size:16px\">Ce site web est la propri\u00e9t\u00e9 de Phuket-monster-fishing-park. Co., LTD.<br>Phuket-monster-fishing-park. Co., LTD.<br>Viset Rawai, Muang, Phuket 83130, Tha\u00eflande<\/p>\n\n\n\n<p style=\"font-size:16px\">T\u00e9l\u00e9phone : +66 98 833 8783<\/p>\n\n\n\n<h3 class=\"wp-block-heading has-vivid-red-color has-text-color has-link-color wp-elements-513e8e29f9d63c8137cdb05de4fa5a36\">Cr\u00e9dits<\/h3>\n\n\n\n<p style=\"font-size:16px\">Directeur de la publication : M Antoine<\/p>\n\n\n\n<h3 class=\"wp-block-heading has-vivid-red-color has-text-color has-link-color wp-elements-70010756126f38a86789c32ff7ed5acd\">Photos<\/h3>\n\n\n\n<p style=\"font-size:16px\">\u00a9 Phuket-monster-fishing-park<\/p>\n\n\n\n<h3 class=\"wp-block-heading has-vivid-red-color has-text-color has-link-color wp-elements-cc02ff670d1e72c91e4a861432ee21ee\">Propri\u00e9t\u00e9 intellectuelle<\/h3>\n\n\n\n<p style=\"font-size:16px\">Phuket-monster-fishing-park.com se r\u00e9serve le droit de modifier les informations pr\u00e9sent\u00e9es sans pr\u00e9avis et sans \u00eatre tenu de mettre \u00e0 jour la pr\u00e9sente notice l\u00e9gale. Droits d&rsquo;auteur :<\/p>\n\n\n\n<p style=\"font-size:16px\">L&rsquo;ensemble du contenu \u00e9ditorial et des illustrations (photographies, logos, pictogrammes, images, dessins, graphiques, etc.) de ce site est prot\u00e9g\u00e9 par la l\u00e9gislation fran\u00e7aise et les trait\u00e9s internationaux sur le droit d&rsquo;auteur et la propri\u00e9t\u00e9 intellectuelle. Toute reproduction totale ou partielle de ce site par quelque proc\u00e9d\u00e9 que ce soit, sans l&rsquo;autorisation expresse de l&rsquo;association Phuket-monster-fishing-park.com est interdite et constituerait une contrefa\u00e7on sanctionn\u00e9e par les articles L335-2 et suivants du Code de la propri\u00e9t\u00e9 intellectuelle.<\/p>\n\n\n\n<p style=\"font-size:16px\">Les informations concernant les services et leurs caract\u00e9ristiques sont correctes au moment de leur mise en ligne ou de la mise \u00e0 jour des diff\u00e9rentes pages web ; elles ne sont donn\u00e9es qu&rsquo;\u00e0 titre indicatif et ne sauraient \u00eatre consid\u00e9r\u00e9es comme contractuelles. En vous connectant au site Internet de Phuket-monster-fishing-park.com, vous acceptez de vous conformer au code fran\u00e7ais de la propri\u00e9t\u00e9 intellectuelle et plus largement aux trait\u00e9s et accords internationaux comportant des dispositions relatives \u00e0 la protection des droits d&rsquo;auteurs. Ainsi, vous ne pouvez : t\u00e9l\u00e9charger, reproduire int\u00e9gralement ou partiellement, vendre, distribuer, \u00e9mettre, publier et communiquer sous quelque forme que ce soit les donn\u00e9es ou les oeuvres prot\u00e9g\u00e9es par le droit d&rsquo;auteur qui figurent sur le site de Phuket-monster-fishing-park.com sans autorisation \u00e9crite particuli\u00e8re et pr\u00e9alable du titulaire du droit d&rsquo;auteur attach\u00e9 \u00e0 l&rsquo;oeuvre ou \u00e0 la donn\u00e9e reproduite.En acc\u00e9dant au site web de Phuket-monster-fishing-park.com, vous vous engagez \u00e0 respecter le Code de la propri\u00e9t\u00e9 intellectuelle fran\u00e7ais et, plus g\u00e9n\u00e9ralement, les trait\u00e9s et accords internationaux comportant des dispositions relatives \u00e0 la protection du droit d&rsquo;auteur. Par cons\u00e9quent, vous ne pouvez pas : t\u00e9l\u00e9charger, reproduire tout ou partie, vendre, distribuer, diffuser, publier et communiquer sous quelque forme que ce soit les donn\u00e9es ou \u0153uvres prot\u00e9g\u00e9es par le droit d&rsquo;auteur qui figurent sur le site de Phuket-monster-fishing-park.com sans l&rsquo;autorisation \u00e9crite pr\u00e9alable du titulaire du droit d&rsquo;auteur attach\u00e9 \u00e0 l&rsquo;\u0153uvre ou aux donn\u00e9es reproduites.<\/p>\n\n\n\n<h3 class=\"wp-block-heading has-vivid-red-color has-text-color has-link-color wp-elements-3dc78f3f5103c5d867fff0f3eba818e6\">Cookies<\/h3>\n\n\n\n<p style=\"font-size:16px\">Nous utilisons des cookies pour assurer le bon fonctionnement du site et collecter des donn\u00e9es sur l&rsquo;activit\u00e9 du site, notamment avec Google Analytics.<\/p>\n\n\n\n<h3 class=\"wp-block-heading has-vivid-red-color has-text-color has-link-color wp-elements-22e14c2b85d57138809feff06fc9fabf\">Contenu int\u00e9gr\u00e9 d&rsquo;autres sites web<\/h3>\n\n\n\n<p style=\"font-size:16px\">Les articles de ce site peuvent contenir du contenu int\u00e9gr\u00e9 (par exemple des vid\u00e9os, des images, des articles, etc.). Le contenu int\u00e9gr\u00e9 provenant d&rsquo;autres sites web se comporte exactement de la m\u00eame mani\u00e8re que si le visiteur avait visit\u00e9 l&rsquo;autre site web.<\/p>\n\n\n\n<p style=\"font-size:16px\">Ces sites web peuvent collecter des donn\u00e9es vous concernant, utiliser des cookies, int\u00e9grer un suivi suppl\u00e9mentaire par des tiers et surveiller votre interaction avec ce contenu int\u00e9gr\u00e9, y compris votre interaction avec le contenu int\u00e9gr\u00e9 si vous avez un compte et que vous \u00eates connect\u00e9 \u00e0 ce site web.<\/p>\n\n\n\n<h3 class=\"wp-block-heading has-vivid-red-color has-text-color has-link-color wp-elements-b0314bdb4393f90b0a59e53e68efa906\">Dur\u00e9e de conservation des donn\u00e9es<\/h3>\n\n\n\n<p style=\"font-size:16px\">Nous collectons les cookies n\u00e9cessaires au bon fonctionnement du site et recueillons des donn\u00e9es sur l&rsquo;activit\u00e9 du site.<\/p>\n\n\n\n<p style=\"font-size:16px\">Si vous laissez un commentaire, celui-ci et ses m\u00e9tadonn\u00e9es sont conserv\u00e9s ind\u00e9finiment. Cela nous permet de reconna\u00eetre et d&rsquo;approuver automatiquement les commentaires de suivi au lieu de les conserver dans une file d&rsquo;attente de mod\u00e9ration.<\/p>\n\n\n\n<p style=\"font-size:16px\">Pour les utilisateurs qui s&rsquo;inscrivent sur notre site web (le cas \u00e9ch\u00e9ant), nous stockons \u00e9galement les informations personnelles qu&rsquo;ils fournissent dans leur profil d&rsquo;utilisateur. Tous les utilisateurs peuvent voir, modifier ou supprimer leurs informations personnelles \u00e0 tout moment (sauf qu&rsquo;ils ne peuvent pas changer leur nom d&rsquo;utilisateur). Les administrateurs du site web peuvent \u00e9galement consulter et modifier ces informations.<\/p>\n\n\n\n<h3 class=\"wp-block-heading has-vivid-red-color has-text-color has-link-color wp-elements-b65635acfb9b80d4a2f8dd214862efbe\">Quels sont les droits dont vous disposez sur vos donn\u00e9es ?<\/h3>\n\n\n\n<p style=\"font-size:16px\">Si vous avez un compte sur ce site, ou si vous avez laiss\u00e9 des commentaires, vous pouvez demander \u00e0 recevoir un fichier export\u00e9 des donn\u00e9es personnelles que nous d\u00e9tenons \u00e0 votre sujet, y compris toutes les donn\u00e9es que vous nous avez fournies. Vous pouvez \u00e9galement nous demander d&rsquo;effacer toutes les donn\u00e9es personnelles que nous d\u00e9tenons \u00e0 votre sujet. Cela n&rsquo;inclut pas les donn\u00e9es que nous sommes oblig\u00e9s de conserver \u00e0 des fins administratives, juridiques ou de s\u00e9curit\u00e9.<\/p>\n","protected":false},"excerpt":{"rendered":"<p>\u00c9diteur Phuket-monster-fishing-park.com est un service de communication en ligne pour le public \u00e9dit\u00e9 par Phuket-monster-fishing-park. Co., LTD.Il est h\u00e9berg\u00e9 par : O2switchChem. des Pardiaux, 63000 Clermont-Ferrand, France.Tel : 04 44 44 60 40Email: support@o2switch.fr Nom de la soci\u00e9t\u00e9 et si\u00e8ge&hellip;<\/p>\n","protected":false},"author":1,"featured_media":0,"parent":0,"menu_order":0,"comment_status":"closed","ping_status":"closed","template":"","meta":{"_exactmetrics_skip_tracking":false,"_exactmetrics_sitenote_active":false,"_exactmetrics_sitenote_note":"","_exactmetrics_sitenote_category":0,"_joinchat":[],"footnotes":""},"class_list":["post-858","page","type-page","status-publish","hentry","entry","no-media"],"_links":{"self":[{"href":"https:\/\/www.phuket-monster-fishing-park.com\/fr\/wp-json\/wp\/v2\/pages\/858"}],"collection":[{"href":"https:\/\/www.phuket-monster-fishing-park.com\/fr\/wp-json\/wp\/v2\/pages"}],"about":[{"href":"https:\/\/www.phuket-monster-fishing-park.com\/fr\/wp-json\/wp\/v2\/types\/page"}],"author":[{"embeddable":true,"href":"https:\/\/www.phuket-monster-fishing-park.com\/fr\/wp-json\/wp\/v2\/users\/1"}],"replies":[{"embeddable":true,"href":"https:\/\/www.phuket-monster-fishing-park.com\/fr\/wp-json\/wp\/v2\/comments?post=858"}],"version-history":[{"count":3,"href":"https:\/\/www.phuket-monster-fishing-park.com\/fr\/wp-json\/wp\/v2\/pages\/858\/revisions"}],"predecessor-version":[{"id":869,"href":"https:\/\/www.phuket-monster-fishing-park.com\/fr\/wp-json\/wp\/v2\/pages\/858\/revisions\/869"}],"wp:attachment":[{"href":"https:\/\/www.phuket-monster-fishing-park.com\/fr\/wp-json\/wp\/v2\/media?parent=858"}],"curies":[{"name":"wp","href":"https:\/\/api.w.org\/{rel}","templated":true}]}}